{"id":9425,"date":"2022-05-25T06:02:05","date_gmt":"2022-05-25T06:02:05","guid":{"rendered":"https:\/\/rodinia.fi\/uutiskirje\/"},"modified":"2024-10-21T07:30:06","modified_gmt":"2024-10-21T07:30:06","slug":"newsletter","status":"publish","type":"page","link":"https:\/\/rodinia.fi\/en\/newsletter\/","title":{"rendered":"Newsletter"},"content":{"rendered":"\t\t<div data-elementor-type=\"wp-page\" data-elementor-id=\"9425\" class=\"elementor elementor-9425 elementor-5210\" data-elementor-post-type=\"page\">\n\t\t\t\t\t\t<section class=\"elementor-section elementor-top-section elementor-element elementor-element-328ab57 elementor-section-height-min-height elementor-section-stretched elementor-section-boxed elementor-section-height-default elementor-section-items-middle\" data-id=\"328ab57\" data-element_type=\"section\" data-e-type=\"section\" data-settings=\"{&quot;stretch_section&quot;:&quot;section-stretched&quot;,&quot;jet_parallax_layout_list&quot;:[],&quot;background_background&quot;:&quot;classic&quot;}\">\n\t\t\t\t\t\t\t<div class=\"elementor-background-overlay\"><\/div>\n\t\t\t\t\t\t\t<div class=\"elementor-container elementor-column-gap-default\">\n\t\t\t\t\t<div class=\"elementor-column elementor-col-100 elementor-top-column elementor-element elementor-element-7a1e9cc\" data-id=\"7a1e9cc\" data-element_type=\"column\" data-e-type=\"column\" data-settings=\"{&quot;background_background&quot;:&quot;classic&quot;}\">\n\t\t\t<div class=\"elementor-widget-wrap elementor-element-populated\">\n\t\t\t\t\t\t<div class=\"elementor-element elementor-element-3b87cff animated-fast elementor-invisible elementor-widget elementor-widget-heading\" data-id=\"3b87cff\" data-element_type=\"widget\" data-e-type=\"widget\" data-settings=\"{&quot;_animation&quot;:&quot;fadeIn&quot;,&quot;_animation_delay&quot;:750}\" data-widget_type=\"heading.default\">\n\t\t\t\t<div class=\"elementor-widget-container\">\n\t\t\t\t\t<h1 class=\"elementor-heading-title elementor-size-default\">Newsletter<\/h1>\t\t\t\t<\/div>\n\t\t\t\t<\/div>\n\t\t\t\t<div class=\"elementor-element elementor-element-8451dba animated-fast elementor-invisible elementor-widget elementor-widget-heading\" data-id=\"8451dba\" data-element_type=\"widget\" data-e-type=\"widget\" data-settings=\"{&quot;_animation&quot;:&quot;fadeIn&quot;,&quot;_animation_delay&quot;:1000}\" data-widget_type=\"heading.default\">\n\t\t\t\t<div class=\"elementor-widget-container\">\n\t\t\t\t\t<h2 class=\"elementor-heading-title elementor-size-default\">Understand sustainable communication. You will receive the latest news in your email.<\/h2>\t\t\t\t<\/div>\n\t\t\t\t<\/div>\n\t\t\t\t<div class=\"elementor-element elementor-element-be4b519 elementor-button-align-stretch elementor-widget elementor-widget-form\" data-id=\"be4b519\" data-element_type=\"widget\" data-e-type=\"widget\" data-settings=\"{&quot;step_next_label&quot;:&quot;Next&quot;,&quot;step_previous_label&quot;:&quot;Previous&quot;,&quot;button_width&quot;:&quot;100&quot;,&quot;step_type&quot;:&quot;number_text&quot;,&quot;step_icon_shape&quot;:&quot;circle&quot;}\" data-widget_type=\"form.default\">\n\t\t\t\t<div class=\"elementor-widget-container\">\n\t\t\t\t\t\t\t<form class=\"elementor-form\" method=\"post\" name=\"Yhteydenotto\" aria-label=\"Yhteydenotto\">\n\t\t\t<input type=\"hidden\" name=\"post_id\" value=\"9425\"\/>\n\t\t\t<input type=\"hidden\" name=\"form_id\" value=\"be4b519\"\/>\n\t\t\t<input type=\"hidden\" name=\"referer_title\" value=\"Tilaa ilmainen uutiskirje | Viestint\u00e4toimisto Rodinia\" \/>\n\n\t\t\t\t\t\t\t<input type=\"hidden\" name=\"queried_id\" value=\"9425\"\/>\n\t\t\t\n\t\t\t<div class=\"elementor-form-fields-wrapper elementor-labels-\">\n\t\t\t\t\t\t\t\t<div class=\"elementor-field-type-email elementor-field-group elementor-column elementor-field-group-email elementor-col-100 elementor-field-required\">\n\t\t\t\t\t\t\t\t\t\t\t\t<label for=\"form-field-email\" class=\"elementor-field-label elementor-screen-only\">\n\t\t\t\t\t\t\t\tYour email\t\t\t\t\t\t\t<\/label>\n\t\t\t\t\t\t\t\t\t\t\t\t\t\t<input size=\"1\" type=\"email\" name=\"form_fields[email]\" id=\"form-field-email\" class=\"elementor-field elementor-size-sm  elementor-field-textual\" placeholder=\"Your email\" required=\"required\">\n\t\t\t\t\t\t\t\t\t\t\t<\/div>\n\t\t\t\t\t\t\t\t<div class=\"elementor-field-group elementor-column elementor-field-type-submit elementor-col-100 e-form__buttons\">\n\t\t\t\t\t<button class=\"elementor-button elementor-size-sm\" type=\"submit\">\n\t\t\t\t\t\t<span class=\"elementor-button-content-wrapper\">\n\t\t\t\t\t\t\t\t\t\t\t\t\t\t\t\t\t\t\t\t\t\t<span class=\"elementor-button-text\">SUBSCRIBE<\/span>\n\t\t\t\t\t\t\t\t\t\t\t\t\t<\/span>\n\t\t\t\t\t<\/button>\n\t\t\t\t<\/div>\n\t\t\t<\/div>\n\t\t<\/form>\n\t\t\t\t\t\t<\/div>\n\t\t\t\t<\/div>\n\t\t\t\t\t<\/div>\n\t\t<\/div>\n\t\t\t\t\t<\/div>\n\t\t<\/section>\n\t\t\t\t<\/div>\n\t\t","protected":false},"excerpt":{"rendered":"<p>Newsletter Understand sustainable communication. You will receive the latest news in your email.<\/p>\n","protected":false},"author":1,"featured_media":0,"parent":0,"menu_order":0,"comment_status":"closed","ping_status":"closed","template":"","meta":{"_acf_changed":false,"inline_featured_image":false,"_monsterinsights_skip_tracking":false,"_monsterinsights_sitenote_active":false,"_monsterinsights_sitenote_note":"","_monsterinsights_sitenote_category":0,"footnotes":""},"class_list":["post-9425","page","type-page","status-publish","hentry"],"acf":[],"yoast_head":"<!-- This site is optimized with the Yoast SEO plugin v27.1.1 - https:\/\/yoast.com\/product\/yoast-seo-wordpress\/ -->\n<title>Tilaa ilmainen uutiskirje | Viestint\u00e4toimisto Rodinia<\/title>\n<meta name=\"description\" content=\"Ymm\u00e4rr\u00e4 kest\u00e4v\u00e4\u00e4 viestint\u00e4\u00e4. Saat uutiset s\u00e4hk\u00f6postiisi.\" \/>\n<meta name=\"robots\" content=\"index, follow, max-snippet:-1, max-image-preview:large, max-video-preview:-1\" \/>\n<link rel=\"canonical\" href=\"https:\/\/rodinia.fi\/en\/newsletter\/\" \/>\n<meta property=\"og:locale\" content=\"en_US\" \/>\n<meta property=\"og:type\" content=\"article\" \/>\n<meta property=\"og:title\" content=\"Tilaa ilmainen uutiskirje | Viestint\u00e4toimisto Rodinia\" \/>\n<meta property=\"og:description\" content=\"Ymm\u00e4rr\u00e4 kest\u00e4v\u00e4\u00e4 viestint\u00e4\u00e4. Saat uutiset s\u00e4hk\u00f6postiisi.\" \/>\n<meta property=\"og:url\" content=\"https:\/\/rodinia.fi\/en\/newsletter\/\" \/>\n<meta property=\"og:site_name\" content=\"Rodinia\" \/>\n<meta property=\"article:publisher\" content=\"https:\/\/www.facebook.com\/rodiniaFI\/\" \/>\n<meta property=\"article:modified_time\" content=\"2024-10-21T07:30:06+00:00\" \/>\n<meta name=\"twitter:card\" content=\"summary_large_image\" \/>\n<meta name=\"twitter:site\" content=\"@Rodiniafi\" \/>\n<meta name=\"twitter:label1\" content=\"Est. reading time\" \/>\n\t<meta name=\"twitter:data1\" content=\"1 minute\" \/>\n<script type=\"application\/ld+json\" class=\"yoast-schema-graph\">{\"@context\":\"https:\/\/schema.org\",\"@graph\":[{\"@type\":\"WebPage\",\"@id\":\"https:\/\/rodinia.fi\/en\/newsletter\/\",\"url\":\"https:\/\/rodinia.fi\/en\/newsletter\/\",\"name\":\"Tilaa ilmainen uutiskirje | Viestint\u00e4toimisto Rodinia\",\"isPartOf\":{\"@id\":\"https:\/\/rodinia.fi\/#website\"},\"datePublished\":\"2022-05-25T06:02:05+00:00\",\"dateModified\":\"2024-10-21T07:30:06+00:00\",\"description\":\"Ymm\u00e4rr\u00e4 kest\u00e4v\u00e4\u00e4 viestint\u00e4\u00e4. Saat uutiset s\u00e4hk\u00f6postiisi.\",\"breadcrumb\":{\"@id\":\"https:\/\/rodinia.fi\/en\/newsletter\/#breadcrumb\"},\"inLanguage\":\"en-US\",\"potentialAction\":[{\"@type\":\"ReadAction\",\"target\":[\"https:\/\/rodinia.fi\/en\/newsletter\/\"]}]},{\"@type\":\"BreadcrumbList\",\"@id\":\"https:\/\/rodinia.fi\/en\/newsletter\/#breadcrumb\",\"itemListElement\":[{\"@type\":\"ListItem\",\"position\":1,\"name\":\"Home\",\"item\":\"https:\/\/rodinia.fi\/en\/\"},{\"@type\":\"ListItem\",\"position\":2,\"name\":\"Newsletter\"}]},{\"@type\":\"WebSite\",\"@id\":\"https:\/\/rodinia.fi\/#website\",\"url\":\"https:\/\/rodinia.fi\/\",\"name\":\"Rodinia\",\"description\":\"Viestint\u00e4toimisto Rodinia | Rodinia Communications Agency\",\"publisher\":{\"@id\":\"https:\/\/rodinia.fi\/#organization\"},\"potentialAction\":[{\"@type\":\"SearchAction\",\"target\":{\"@type\":\"EntryPoint\",\"urlTemplate\":\"https:\/\/rodinia.fi\/?s={search_term_string}\"},\"query-input\":{\"@type\":\"PropertyValueSpecification\",\"valueRequired\":true,\"valueName\":\"search_term_string\"}}],\"inLanguage\":\"en-US\"},{\"@type\":\"Organization\",\"@id\":\"https:\/\/rodinia.fi\/#organization\",\"name\":\"Viestint\u00e4toimisto Rodinia\",\"url\":\"https:\/\/rodinia.fi\/\",\"logo\":{\"@type\":\"ImageObject\",\"inLanguage\":\"en-US\",\"@id\":\"https:\/\/rodinia.fi\/#\/schema\/logo\/image\/\",\"url\":\"https:\/\/rodinia.fi\/wp-content\/uploads\/2017\/08\/rodinia-logo_final.png\",\"contentUrl\":\"https:\/\/rodinia.fi\/wp-content\/uploads\/2017\/08\/rodinia-logo_final.png\",\"width\":213,\"height\":240,\"caption\":\"Viestint\u00e4toimisto Rodinia\"},\"image\":{\"@id\":\"https:\/\/rodinia.fi\/#\/schema\/logo\/image\/\"},\"sameAs\":[\"https:\/\/www.facebook.com\/rodiniaFI\/\",\"https:\/\/x.com\/Rodiniafi\",\"https:\/\/www.linkedin.com\/company\/rodiniafi\/\"]}]}<\/script>\n<!-- \/ Yoast SEO plugin. -->","yoast_head_json":{"title":"Tilaa ilmainen uutiskirje | Viestint\u00e4toimisto Rodinia","description":"Ymm\u00e4rr\u00e4 kest\u00e4v\u00e4\u00e4 viestint\u00e4\u00e4. Saat uutiset s\u00e4hk\u00f6postiisi.","robots":{"index":"index","follow":"follow","max-snippet":"max-snippet:-1","max-image-preview":"max-image-preview:large","max-video-preview":"max-video-preview:-1"},"canonical":"https:\/\/rodinia.fi\/en\/newsletter\/","og_locale":"en_US","og_type":"article","og_title":"Tilaa ilmainen uutiskirje | Viestint\u00e4toimisto Rodinia","og_description":"Ymm\u00e4rr\u00e4 kest\u00e4v\u00e4\u00e4 viestint\u00e4\u00e4. Saat uutiset s\u00e4hk\u00f6postiisi.","og_url":"https:\/\/rodinia.fi\/en\/newsletter\/","og_site_name":"Rodinia","article_publisher":"https:\/\/www.facebook.com\/rodiniaFI\/","article_modified_time":"2024-10-21T07:30:06+00:00","twitter_card":"summary_large_image","twitter_site":"@Rodiniafi","twitter_misc":{"Est. reading time":"1 minute"},"schema":{"@context":"https:\/\/schema.org","@graph":[{"@type":"WebPage","@id":"https:\/\/rodinia.fi\/en\/newsletter\/","url":"https:\/\/rodinia.fi\/en\/newsletter\/","name":"Tilaa ilmainen uutiskirje | Viestint\u00e4toimisto Rodinia","isPartOf":{"@id":"https:\/\/rodinia.fi\/#website"},"datePublished":"2022-05-25T06:02:05+00:00","dateModified":"2024-10-21T07:30:06+00:00","description":"Ymm\u00e4rr\u00e4 kest\u00e4v\u00e4\u00e4 viestint\u00e4\u00e4. Saat uutiset s\u00e4hk\u00f6postiisi.","breadcrumb":{"@id":"https:\/\/rodinia.fi\/en\/newsletter\/#breadcrumb"},"inLanguage":"en-US","potentialAction":[{"@type":"ReadAction","target":["https:\/\/rodinia.fi\/en\/newsletter\/"]}]},{"@type":"BreadcrumbList","@id":"https:\/\/rodinia.fi\/en\/newsletter\/#breadcrumb","itemListElement":[{"@type":"ListItem","position":1,"name":"Home","item":"https:\/\/rodinia.fi\/en\/"},{"@type":"ListItem","position":2,"name":"Newsletter"}]},{"@type":"WebSite","@id":"https:\/\/rodinia.fi\/#website","url":"https:\/\/rodinia.fi\/","name":"Rodinia","description":"Viestint\u00e4toimisto Rodinia | Rodinia Communications Agency","publisher":{"@id":"https:\/\/rodinia.fi\/#organization"},"potentialAction":[{"@type":"SearchAction","target":{"@type":"EntryPoint","urlTemplate":"https:\/\/rodinia.fi\/?s={search_term_string}"},"query-input":{"@type":"PropertyValueSpecification","valueRequired":true,"valueName":"search_term_string"}}],"inLanguage":"en-US"},{"@type":"Organization","@id":"https:\/\/rodinia.fi\/#organization","name":"Viestint\u00e4toimisto Rodinia","url":"https:\/\/rodinia.fi\/","logo":{"@type":"ImageObject","inLanguage":"en-US","@id":"https:\/\/rodinia.fi\/#\/schema\/logo\/image\/","url":"https:\/\/rodinia.fi\/wp-content\/uploads\/2017\/08\/rodinia-logo_final.png","contentUrl":"https:\/\/rodinia.fi\/wp-content\/uploads\/2017\/08\/rodinia-logo_final.png","width":213,"height":240,"caption":"Viestint\u00e4toimisto Rodinia"},"image":{"@id":"https:\/\/rodinia.fi\/#\/schema\/logo\/image\/"},"sameAs":["https:\/\/www.facebook.com\/rodiniaFI\/","https:\/\/x.com\/Rodiniafi","https:\/\/www.linkedin.com\/company\/rodiniafi\/"]}]}},"_links":{"self":[{"href":"https:\/\/rodinia.fi\/en\/wp-json\/wp\/v2\/pages\/9425","targetHints":{"allow":["GET"]}}],"collection":[{"href":"https:\/\/rodinia.fi\/en\/wp-json\/wp\/v2\/pages"}],"about":[{"href":"https:\/\/rodinia.fi\/en\/wp-json\/wp\/v2\/types\/page"}],"author":[{"embeddable":true,"href":"https:\/\/rodinia.fi\/en\/wp-json\/wp\/v2\/users\/1"}],"replies":[{"embeddable":true,"href":"https:\/\/rodinia.fi\/en\/wp-json\/wp\/v2\/comments?post=9425"}],"version-history":[{"count":4,"href":"https:\/\/rodinia.fi\/en\/wp-json\/wp\/v2\/pages\/9425\/revisions"}],"predecessor-version":[{"id":9429,"href":"https:\/\/rodinia.fi\/en\/wp-json\/wp\/v2\/pages\/9425\/revisions\/9429"}],"wp:attachment":[{"href":"https:\/\/rodinia.fi\/en\/wp-json\/wp\/v2\/media?parent=9425"}],"curies":[{"name":"wp","href":"https:\/\/api.w.org\/{rel}","templated":true}]}}